{"id":22,"date":"2020-08-28T08:34:31","date_gmt":"2020-08-28T06:34:31","guid":{"rendered":"https:\/\/www.dcbibo.sk\/?page_id=22"},"modified":"2025-03-11T19:45:03","modified_gmt":"2025-03-11T18:45:03","slug":"cennik","status":"publish","type":"page","link":"https:\/\/www.dcbibo.sk\/?page_id=22","title":{"rendered":"CENN\u00cdK"},"content":{"rendered":"\t\t<div data-elementor-type=\"wp-page\" data-elementor-id=\"22\" class=\"elementor elementor-22\" data-elementor-post-type=\"page\">\n\t\t\t\t\t\t<section class=\"elementor-section elementor-top-section elementor-element elementor-element-5a662f0 elementor-section-boxed elementor-section-height-default elementor-section-height-default\" data-id=\"5a662f0\" data-element_type=\"section\" data-e-type=\"section\" data-settings=\"{&quot;background_background&quot;:&quot;classic&quot;,&quot;animation&quot;:&quot;none&quot;}\">\n\t\t\t\t\t\t<div class=\"elementor-container elementor-column-gap-default\">\n\t\t\t\t\t<div class=\"elementor-column elementor-col-50 elementor-top-column elementor-element elementor-element-0e64add animated-fast elementor-invisible\" data-id=\"0e64add\" data-element_type=\"column\" data-e-type=\"column\" data-settings=\"{&quot;background_background&quot;:&quot;classic&quot;,&quot;animation&quot;:&quot;fadeInDown&quot;}\">\n\t\t\t<div class=\"elementor-widget-wrap elementor-element-populated\">\n\t\t\t\t\t\t<div class=\"elementor-element elementor-element-6a87e66 elementor-widget elementor-widget-text-editor\" data-id=\"6a87e66\" data-element_type=\"widget\" data-e-type=\"widget\" data-widget_type=\"text-editor.default\">\n\t\t\t\t<div class=\"elementor-widget-container\">\n\t\t\t\t\t\t\t\t\t<h4><span style=\"color: #ff8d29;\"><strong>Pon\u00fakame celodenn\u00fa starostlivos\u0165 od 6:30 &#8211; 17:00<\/strong><\/span><\/h4><p><span style=\"color: #808080;\"><strong>Na\u0161\u00edm cie\u013eom je komplexne rozv\u00edja\u0165 detsk\u00fa osobnos\u0165 <\/strong><strong>s prihliadnut\u00edm na jeho individu\u00e1lne schopnosti a danosti.<\/strong><\/span><\/p><p class=\"p1\" style=\"text-align: right;\"><a href=\"https:\/\/www.dcbibo.sk\/wp-content\/uploads\/2020\/08\/adaptacny-proces-dietata-v-materskej-skole.odt\"><span style=\"color: #ff8d29;\"><strong><span style=\"text-decoration: underline;\">Adapta\u010dny\u0301 proces die\u0165a\u0165a v materskej \u0161kole<\/span><\/strong><\/span><\/a><\/p>\t\t\t\t\t\t\t\t<\/div>\n\t\t\t\t<\/div>\n\t\t\t\t<section class=\"elementor-section elementor-inner-section elementor-element elementor-element-1514c9f elementor-section-boxed elementor-section-height-default elementor-section-height-default\" data-id=\"1514c9f\" data-element_type=\"section\" data-e-type=\"section\">\n\t\t\t\t\t\t<div class=\"elementor-container elementor-column-gap-default\">\n\t\t\t\t\t<div class=\"elementor-column elementor-col-50 elementor-inner-column elementor-element elementor-element-5b96884\" data-id=\"5b96884\" data-element_type=\"column\" data-e-type=\"column\">\n\t\t\t<div class=\"elementor-widget-wrap elementor-element-populated\">\n\t\t\t\t\t\t<div class=\"elementor-element elementor-element-4b98d80 elementor-widget elementor-widget-text-editor\" data-id=\"4b98d80\" data-element_type=\"widget\" data-e-type=\"widget\" data-widget_type=\"text-editor.default\">\n\t\t\t\t<div class=\"elementor-widget-container\">\n\t\t\t\t\t\t\t\t\t<p class=\"p1\"><span style=\"color: #808080;\"><strong>celodenn\u00e9 opatrovanie<\/strong><\/span><\/p>\t\t\t\t\t\t\t\t<\/div>\n\t\t\t\t<\/div>\n\t\t\t\t\t<\/div>\n\t\t<\/div>\n\t\t\t\t<div class=\"elementor-column elementor-col-50 elementor-inner-column elementor-element elementor-element-1191aeb\" data-id=\"1191aeb\" data-element_type=\"column\" data-e-type=\"column\">\n\t\t\t<div class=\"elementor-widget-wrap elementor-element-populated\">\n\t\t\t\t\t\t<div class=\"elementor-element elementor-element-7fca61f elementor-widget elementor-widget-text-editor\" data-id=\"7fca61f\" data-element_type=\"widget\" data-e-type=\"widget\" data-widget_type=\"text-editor.default\">\n\t\t\t\t<div class=\"elementor-widget-container\">\n\t\t\t\t\t\t\t\t\t<p class=\"p1\"><span style=\"color: #808080;\"><strong>400 \u20ac \/ mesiac + 4,50 \u20ac \/ de\u0148 strava<\/strong><\/span><\/p>\t\t\t\t\t\t\t\t<\/div>\n\t\t\t\t<\/div>\n\t\t\t\t\t<\/div>\n\t\t<\/div>\n\t\t\t\t\t<\/div>\n\t\t<\/section>\n\t\t\t\t<div class=\"elementor-element elementor-element-e6424fc elementor-widget elementor-widget-text-editor\" data-id=\"e6424fc\" data-element_type=\"widget\" data-e-type=\"widget\" data-widget_type=\"text-editor.default\">\n\t\t\t\t<div class=\"elementor-widget-container\">\n\t\t\t\t\t\t\t\t\t<p><span style=\"color: #fc973f;\"><strong>Strava zah\u0155\u0148a desiatu, obed, olovrant, neobmedzene <\/strong><strong>\u010derstv\u00e9 ovocie a pitny\u0301 re\u017eim po\u010das cel\u00e9ho d\u0148a.<\/strong><\/span><\/p><p><span style=\"color: #808080;\">Obedy n\u00e1m dod\u00e1va<\/span>\u00a0<a href=\"http:\/\/foodi.sk\"><span style=\"color: #fc973f;\"><strong><span style=\"text-decoration: underline;\">www.foodi.sk<\/span><\/strong><\/span><\/a>, <span style=\"color: #808080;\">ktor\u00e1 m\u00e1 povolenie od \u00faradu verejn\u00e9ho zdravotn\u00edctva Slovenskej republiky vari\u0165 pre deti\u010dky.<\/span><\/p>\t\t\t\t\t\t\t\t<\/div>\n\t\t\t\t<\/div>\n\t\t\t\t\t<\/div>\n\t\t<\/div>\n\t\t\t\t<div class=\"elementor-column elementor-col-50 elementor-top-column elementor-element elementor-element-5dacfe1 animated-fast elementor-invisible\" data-id=\"5dacfe1\" data-element_type=\"column\" data-e-type=\"column\" data-settings=\"{&quot;background_background&quot;:&quot;classic&quot;,&quot;animation&quot;:&quot;fadeInDown&quot;}\">\n\t\t\t<div class=\"elementor-widget-wrap elementor-element-populated\">\n\t\t\t\t\t\t<div class=\"elementor-element elementor-element-a5bc18b elementor-widget elementor-widget-text-editor\" data-id=\"a5bc18b\" data-element_type=\"widget\" data-e-type=\"widget\" data-widget_type=\"text-editor.default\">\n\t\t\t\t<div class=\"elementor-widget-container\">\n\t\t\t\t\t\t\t\t\t<p class=\"p1\"><span style=\"color: #339966;\"><strong>Rodi\u010dovsky\u0301 pr\u00edspevok 280 EUR<\/strong><\/span><\/p>\t\t\t\t\t\t\t\t<\/div>\n\t\t\t\t<\/div>\n\t\t\t\t<div class=\"elementor-element elementor-element-c93c4b6 elementor-widget elementor-widget-text-editor\" data-id=\"c93c4b6\" data-element_type=\"widget\" data-e-type=\"widget\" data-widget_type=\"text-editor.default\">\n\t\t\t\t<div class=\"elementor-widget-container\">\n\t\t\t\t\t\t\t\t\t<p><a href=\"https:\/\/www.dcbibo.sk\/wp-content\/uploads\/2020\/08\/ziadost_o_prispevok_na_starostlivost_o_dieta.doc\"><span style=\"text-decoration: underline; color: #339966;\">www.employment.gov.sk\/sk\/rodina-socialna-pomoc\/podpora-rodinam-detmi\/penazna-pomoc\/prispevok-starostlivost-dieta<\/span><\/a><\/p>\t\t\t\t\t\t\t\t<\/div>\n\t\t\t\t<\/div>\n\t\t\t\t<div class=\"elementor-element elementor-element-e212eb5 elementor-widget elementor-widget-text-editor\" data-id=\"e212eb5\" data-element_type=\"widget\" data-e-type=\"widget\" data-widget_type=\"text-editor.default\">\n\t\t\t\t<div class=\"elementor-widget-container\">\n\t\t\t\t\t\t\t\t\t<p class=\"p1\"><span style=\"color: #808080;\">Z\u00e1kon \u010d. 513\/2010 Z.z. (ktory\u0301m sa men\u00ed a dop\u013a\u0148a z\u00e1kon \u010d. 571\/2009 Z.z. o rodi\u010dovskom pr\u00edspevku a o zmene a doplnen\u00ed niektory\u0301ch z\u00e1konov a o zmene a doplnen\u00ed z\u00e1kona \u010d. 561\/2008 Z.z. o pr\u00edspevku na starostlivos\u0165 o die\u0165a ) upravuje podmienky na z\u00edskanie pr\u00edspevku na starostlivos\u0165 o die\u0165a nasledovne: Rodi\u010dovsky\u0301 pr\u00edspevok je \u0161t\u00e1tna soci\u00e1lna d\u00e1vka, ktorou \u0161t\u00e1t prispieva opr\u00e1vnenej osobe (rodi\u010dovi) na zabezpe\u010denie riadnej starostlivosti o die\u0165a. Rodi\u010dovsky\u0301 pr\u00edspevok z\u00edskava rodi\u010d, ktory\u0301 vykon\u00e1va z\u00e1robkov\u00fa \u010dinnos\u0165 v obdob\u00ed riadnej starostlivosti o die\u0165a do troch rokov (v pr\u00edpade die\u0165a\u0165a s dlhodobo nepriaznivy\u0301m zdravotny\u0301m stavom a\u017e do 6. roku \u017eivota die\u0165a\u0165a) a m\u00e1 trvaly\u0301 alebo prechodny\u0301 pobyt na \u00fazem\u00ed SR.\u00a0 N\u00e1rok na rodi\u010dovsky\u0301 pr\u00edspevok je splneny\u0301, ke\u010f opr\u00e1vnen\u00e1 osoba zabezpe\u010duje riadnu starostlivos\u0165 o die\u0165a osobne alebo inou fyzickou alebo pr\u00e1vnickou osobou a preuk\u00e1\u017ee zaplatenie vy\u0301davkov za starostlivos\u0165 o die\u0165a poskytovate\u013eovi starostlivosti.<\/span><\/p>\t\t\t\t\t\t\t\t<\/div>\n\t\t\t\t<\/div>\n\t\t\t\t\t<\/div>\n\t\t<\/div>\n\t\t\t\t\t<\/div>\n\t\t<\/section>\n\t\t\t\t<section class=\"elementor-section elementor-top-section elementor-element elementor-element-73e52b6 elementor-section-boxed elementor-section-height-default elementor-section-height-default\" data-id=\"73e52b6\" data-element_type=\"section\" data-e-type=\"section\" data-settings=\"{&quot;background_background&quot;:&quot;classic&quot;}\">\n\t\t\t\t\t\t<div class=\"elementor-container elementor-column-gap-default\">\n\t\t\t\t\t<div class=\"elementor-column elementor-col-100 elementor-top-column elementor-element elementor-element-6d4ed9f\" data-id=\"6d4ed9f\" data-element_type=\"column\" data-e-type=\"column\" data-settings=\"{&quot;background_background&quot;:&quot;classic&quot;}\">\n\t\t\t<div class=\"elementor-widget-wrap elementor-element-populated\">\n\t\t\t\t\t\t<div class=\"elementor-element elementor-element-cc2c87a elementor-widget elementor-widget-image\" data-id=\"cc2c87a\" data-element_type=\"widget\" data-e-type=\"widget\" data-widget_type=\"image.default\">\n\t\t\t\t<div class=\"elementor-widget-container\">\n\t\t\t\t\t\t\t\t\t\t\t\t\t\t\t<img fetchpriority=\"high\" decoding=\"async\" width=\"6151\" height=\"709\" src=\"https:\/\/www.dcbibo.sk\/wp-content\/uploads\/2020\/08\/slide4.png\" class=\"attachment-full size-full wp-image-48\" alt=\"\" srcset=\"https:\/\/www.dcbibo.sk\/wp-content\/uploads\/2020\/08\/slide4.png 6151w, https:\/\/www.dcbibo.sk\/wp-content\/uploads\/2020\/08\/slide4-300x35.png 300w, https:\/\/www.dcbibo.sk\/wp-content\/uploads\/2020\/08\/slide4-1024x118.png 1024w, https:\/\/www.dcbibo.sk\/wp-content\/uploads\/2020\/08\/slide4-768x89.png 768w, https:\/\/www.dcbibo.sk\/wp-content\/uploads\/2020\/08\/slide4-1536x177.png 1536w, https:\/\/www.dcbibo.sk\/wp-content\/uploads\/2020\/08\/slide4-2048x236.png 2048w\" sizes=\"(max-width: 6151px) 100vw, 6151px\" \/>\t\t\t\t\t\t\t\t\t\t\t\t\t\t\t<\/div>\n\t\t\t\t<\/div>\n\t\t\t\t<div class=\"elementor-element elementor-element-98d1412 elementor-widget elementor-widget-heading\" data-id=\"98d1412\" data-element_type=\"widget\" data-e-type=\"widget\" data-widget_type=\"heading.default\">\n\t\t\t\t<div class=\"elementor-widget-container\">\n\t\t\t\t\t<h4 class=\"elementor-heading-title elementor-size-medium\"><a href=\"https:\/\/www.youtube.com\/@BIBO-sy7wz\" target=\"_blank\">Sledujte n\u00e1s na soci\u00e1lnych sie\u0165ach<\/a><\/h4>\t\t\t\t<\/div>\n\t\t\t\t<\/div>\n\t\t\t\t<div class=\"elementor-element elementor-element-be227a9 elementor-shape-rounded elementor-grid-0 e-grid-align-center elementor-widget elementor-widget-social-icons\" data-id=\"be227a9\" data-element_type=\"widget\" data-e-type=\"widget\" data-widget_type=\"social-icons.default\">\n\t\t\t\t<div class=\"elementor-widget-container\">\n\t\t\t\t\t\t\t<div class=\"elementor-social-icons-wrapper elementor-grid\" role=\"list\">\n\t\t\t\t\t\t\t<span class=\"elementor-grid-item\" role=\"listitem\">\n\t\t\t\t\t<a class=\"elementor-icon elementor-social-icon elementor-social-icon-facebook elementor-repeater-item-c8cadcf\" href=\"https:\/\/www.facebook.com\/dcbibo\" target=\"_blank\">\n\t\t\t\t\t\t<span class=\"elementor-screen-only\">Facebook<\/span>\n\t\t\t\t\t\t<i aria-hidden=\"true\" class=\"fab fa-facebook\"><\/i>\t\t\t\t\t<\/a>\n\t\t\t\t<\/span>\n\t\t\t\t\t\t\t<span class=\"elementor-grid-item\" role=\"listitem\">\n\t\t\t\t\t<a class=\"elementor-icon elementor-social-icon elementor-social-icon-youtube elementor-repeater-item-a67e86a\" href=\"https:\/\/www.youtube.com\/@BIBO-sy7wz\" target=\"_blank\">\n\t\t\t\t\t\t<span class=\"elementor-screen-only\">Youtube<\/span>\n\t\t\t\t\t\t<i aria-hidden=\"true\" class=\"fab fa-youtube\"><\/i>\t\t\t\t\t<\/a>\n\t\t\t\t<\/span>\n\t\t\t\t\t<\/div>\n\t\t\t\t\t\t<\/div>\n\t\t\t\t<\/div>\n\t\t\t\t\t<\/div>\n\t\t<\/div>\n\t\t\t\t\t<\/div>\n\t\t<\/section>\n\t\t\t\t<\/div>\n\t\t","protected":false},"excerpt":{"rendered":"<p>Pon\u00fakame celodenn\u00fa starostlivos\u0165 od 6:30 &#8211; 17:00 Na\u0161\u00edm cie\u013eom je komplexne rozv\u00edja\u0165 detsk\u00fa osobnos\u0165 s prihliadnut\u00edm na jeho individu\u00e1lne schopnosti a danosti. Adapta\u010dny\u0301 proces die\u0165a\u0165a v materskej \u0161kole celodenn\u00e9 opatrovanie 400 \u20ac \/ mesiac + 4,50 \u20ac \/ de\u0148 strava Strava zah\u0155\u0148a desiatu, obed, olovrant, neobmedzene \u010derstv\u00e9 ovocie a pitny\u0301 re\u017eim po\u010das cel\u00e9ho d\u0148a. Obedy [&hellip;]<\/p>\n","protected":false},"author":1,"featured_media":0,"parent":0,"menu_order":0,"comment_status":"closed","ping_status":"closed","template":"template-parts\/template-homepage.php","meta":{"_monsterinsights_skip_tracking":false,"_monsterinsights_sitenote_active":false,"_monsterinsights_sitenote_note":"","_monsterinsights_sitenote_category":0,"footnotes":""},"class_list":["post-22","page","type-page","status-publish","hentry"],"yoast_head":"<!-- This site is optimized with the Yoast SEO plugin v27.5 - https:\/\/yoast.com\/product\/yoast-seo-wordpress\/ -->\n<title>CENN\u00cdK -<\/title>\n<meta name=\"robots\" content=\"index, follow, max-snippet:-1, max-image-preview:large, max-video-preview:-1\" \/>\n<link rel=\"canonical\" href=\"https:\/\/www.dcbibo.sk\/?page_id=22\" \/>\n<meta property=\"og:locale\" content=\"sk_SK\" \/>\n<meta property=\"og:type\" content=\"article\" \/>\n<meta property=\"og:title\" content=\"CENN\u00cdK -\" \/>\n<meta property=\"og:description\" content=\"Pon\u00fakame celodenn\u00fa starostlivos\u0165 od 6:30 &#8211; 17:00 Na\u0161\u00edm cie\u013eom je komplexne rozv\u00edja\u0165 detsk\u00fa osobnos\u0165 s prihliadnut\u00edm na jeho individu\u00e1lne schopnosti a danosti. Adapta\u010dny\u0301 proces die\u0165a\u0165a v materskej \u0161kole celodenn\u00e9 opatrovanie 400 \u20ac \/ mesiac + 4,50 \u20ac \/ de\u0148 strava Strava zah\u0155\u0148a desiatu, obed, olovrant, neobmedzene \u010derstv\u00e9 ovocie a pitny\u0301 re\u017eim po\u010das cel\u00e9ho d\u0148a. Obedy [&hellip;]\" \/>\n<meta property=\"og:url\" content=\"https:\/\/www.dcbibo.sk\/?page_id=22\" \/>\n<meta property=\"article:modified_time\" content=\"2025-03-11T18:45:03+00:00\" \/>\n<meta property=\"og:image\" content=\"https:\/\/www.dcbibo.sk\/wp-content\/uploads\/2020\/08\/slide4.png\" \/>\n\t<meta property=\"og:image:width\" content=\"6151\" \/>\n\t<meta property=\"og:image:height\" content=\"709\" \/>\n\t<meta property=\"og:image:type\" content=\"image\/png\" \/>\n<meta name=\"twitter:card\" content=\"summary_large_image\" \/>\n<meta name=\"twitter:label1\" content=\"Predpokladan\u00fd \u010das \u010d\u00edtania\" \/>\n\t<meta name=\"twitter:data1\" content=\"2 min\u00faty\" \/>\n<script type=\"application\/ld+json\" class=\"yoast-schema-graph\">{\"@context\":\"https:\\\/\\\/schema.org\",\"@graph\":[{\"@type\":\"WebPage\",\"@id\":\"https:\\\/\\\/www.dcbibo.sk\\\/?page_id=22\",\"url\":\"https:\\\/\\\/www.dcbibo.sk\\\/?page_id=22\",\"name\":\"CENN\u00cdK -\",\"isPartOf\":{\"@id\":\"https:\\\/\\\/www.dcbibo.sk\\\/#website\"},\"primaryImageOfPage\":{\"@id\":\"https:\\\/\\\/www.dcbibo.sk\\\/?page_id=22#primaryimage\"},\"image\":{\"@id\":\"https:\\\/\\\/www.dcbibo.sk\\\/?page_id=22#primaryimage\"},\"thumbnailUrl\":\"https:\\\/\\\/www.dcbibo.sk\\\/wp-content\\\/uploads\\\/2020\\\/08\\\/slide4.png\",\"datePublished\":\"2020-08-28T06:34:31+00:00\",\"dateModified\":\"2025-03-11T18:45:03+00:00\",\"breadcrumb\":{\"@id\":\"https:\\\/\\\/www.dcbibo.sk\\\/?page_id=22#breadcrumb\"},\"inLanguage\":\"sk-SK\",\"potentialAction\":[{\"@type\":\"ReadAction\",\"target\":[\"https:\\\/\\\/www.dcbibo.sk\\\/?page_id=22\"]}]},{\"@type\":\"ImageObject\",\"inLanguage\":\"sk-SK\",\"@id\":\"https:\\\/\\\/www.dcbibo.sk\\\/?page_id=22#primaryimage\",\"url\":\"https:\\\/\\\/www.dcbibo.sk\\\/wp-content\\\/uploads\\\/2020\\\/08\\\/slide4.png\",\"contentUrl\":\"https:\\\/\\\/www.dcbibo.sk\\\/wp-content\\\/uploads\\\/2020\\\/08\\\/slide4.png\",\"width\":6151,\"height\":709},{\"@type\":\"BreadcrumbList\",\"@id\":\"https:\\\/\\\/www.dcbibo.sk\\\/?page_id=22#breadcrumb\",\"itemListElement\":[{\"@type\":\"ListItem\",\"position\":1,\"name\":\"Home\",\"item\":\"https:\\\/\\\/www.dcbibo.sk\\\/\"},{\"@type\":\"ListItem\",\"position\":2,\"name\":\"CENN\u00cdK\"}]},{\"@type\":\"WebSite\",\"@id\":\"https:\\\/\\\/www.dcbibo.sk\\\/#website\",\"url\":\"https:\\\/\\\/www.dcbibo.sk\\\/\",\"name\":\"\",\"description\":\"\",\"potentialAction\":[{\"@type\":\"SearchAction\",\"target\":{\"@type\":\"EntryPoint\",\"urlTemplate\":\"https:\\\/\\\/www.dcbibo.sk\\\/?s={search_term_string}\"},\"query-input\":{\"@type\":\"PropertyValueSpecification\",\"valueRequired\":true,\"valueName\":\"search_term_string\"}}],\"inLanguage\":\"sk-SK\"}]}<\/script>\n<!-- \/ Yoast SEO plugin. -->","yoast_head_json":{"title":"CENN\u00cdK -","robots":{"index":"index","follow":"follow","max-snippet":"max-snippet:-1","max-image-preview":"max-image-preview:large","max-video-preview":"max-video-preview:-1"},"canonical":"https:\/\/www.dcbibo.sk\/?page_id=22","og_locale":"sk_SK","og_type":"article","og_title":"CENN\u00cdK -","og_description":"Pon\u00fakame celodenn\u00fa starostlivos\u0165 od 6:30 &#8211; 17:00 Na\u0161\u00edm cie\u013eom je komplexne rozv\u00edja\u0165 detsk\u00fa osobnos\u0165 s prihliadnut\u00edm na jeho individu\u00e1lne schopnosti a danosti. Adapta\u010dny\u0301 proces die\u0165a\u0165a v materskej \u0161kole celodenn\u00e9 opatrovanie 400 \u20ac \/ mesiac + 4,50 \u20ac \/ de\u0148 strava Strava zah\u0155\u0148a desiatu, obed, olovrant, neobmedzene \u010derstv\u00e9 ovocie a pitny\u0301 re\u017eim po\u010das cel\u00e9ho d\u0148a. Obedy [&hellip;]","og_url":"https:\/\/www.dcbibo.sk\/?page_id=22","article_modified_time":"2025-03-11T18:45:03+00:00","og_image":[{"width":6151,"height":709,"url":"https:\/\/www.dcbibo.sk\/wp-content\/uploads\/2020\/08\/slide4.png","type":"image\/png"}],"twitter_card":"summary_large_image","twitter_misc":{"Predpokladan\u00fd \u010das \u010d\u00edtania":"2 min\u00faty"},"schema":{"@context":"https:\/\/schema.org","@graph":[{"@type":"WebPage","@id":"https:\/\/www.dcbibo.sk\/?page_id=22","url":"https:\/\/www.dcbibo.sk\/?page_id=22","name":"CENN\u00cdK -","isPartOf":{"@id":"https:\/\/www.dcbibo.sk\/#website"},"primaryImageOfPage":{"@id":"https:\/\/www.dcbibo.sk\/?page_id=22#primaryimage"},"image":{"@id":"https:\/\/www.dcbibo.sk\/?page_id=22#primaryimage"},"thumbnailUrl":"https:\/\/www.dcbibo.sk\/wp-content\/uploads\/2020\/08\/slide4.png","datePublished":"2020-08-28T06:34:31+00:00","dateModified":"2025-03-11T18:45:03+00:00","breadcrumb":{"@id":"https:\/\/www.dcbibo.sk\/?page_id=22#breadcrumb"},"inLanguage":"sk-SK","potentialAction":[{"@type":"ReadAction","target":["https:\/\/www.dcbibo.sk\/?page_id=22"]}]},{"@type":"ImageObject","inLanguage":"sk-SK","@id":"https:\/\/www.dcbibo.sk\/?page_id=22#primaryimage","url":"https:\/\/www.dcbibo.sk\/wp-content\/uploads\/2020\/08\/slide4.png","contentUrl":"https:\/\/www.dcbibo.sk\/wp-content\/uploads\/2020\/08\/slide4.png","width":6151,"height":709},{"@type":"BreadcrumbList","@id":"https:\/\/www.dcbibo.sk\/?page_id=22#breadcrumb","itemListElement":[{"@type":"ListItem","position":1,"name":"Home","item":"https:\/\/www.dcbibo.sk\/"},{"@type":"ListItem","position":2,"name":"CENN\u00cdK"}]},{"@type":"WebSite","@id":"https:\/\/www.dcbibo.sk\/#website","url":"https:\/\/www.dcbibo.sk\/","name":"","description":"","potentialAction":[{"@type":"SearchAction","target":{"@type":"EntryPoint","urlTemplate":"https:\/\/www.dcbibo.sk\/?s={search_term_string}"},"query-input":{"@type":"PropertyValueSpecification","valueRequired":true,"valueName":"search_term_string"}}],"inLanguage":"sk-SK"}]}},"_links":{"self":[{"href":"https:\/\/www.dcbibo.sk\/index.php?rest_route=\/wp\/v2\/pages\/22","targetHints":{"allow":["GET"]}}],"collection":[{"href":"https:\/\/www.dcbibo.sk\/index.php?rest_route=\/wp\/v2\/pages"}],"about":[{"href":"https:\/\/www.dcbibo.sk\/index.php?rest_route=\/wp\/v2\/types\/page"}],"author":[{"embeddable":true,"href":"https:\/\/www.dcbibo.sk\/index.php?rest_route=\/wp\/v2\/users\/1"}],"replies":[{"embeddable":true,"href":"https:\/\/www.dcbibo.sk\/index.php?rest_route=%2Fwp%2Fv2%2Fcomments&post=22"}],"version-history":[{"count":6,"href":"https:\/\/www.dcbibo.sk\/index.php?rest_route=\/wp\/v2\/pages\/22\/revisions"}],"predecessor-version":[{"id":561,"href":"https:\/\/www.dcbibo.sk\/index.php?rest_route=\/wp\/v2\/pages\/22\/revisions\/561"}],"wp:attachment":[{"href":"https:\/\/www.dcbibo.sk\/index.php?rest_route=%2Fwp%2Fv2%2Fmedia&parent=22"}],"curies":[{"name":"wp","href":"https:\/\/api.w.org\/{rel}","templated":true}]}}