{"id":10,"date":"2020-08-28T08:28:33","date_gmt":"2020-08-28T06:28:33","guid":{"rendered":"https:\/\/www.dcbibo.sk\/?page_id=10"},"modified":"2024-08-06T17:23:58","modified_gmt":"2024-08-06T15:23:58","slug":"kontakt","status":"publish","type":"page","link":"https:\/\/www.dcbibo.sk\/?page_id=10","title":{"rendered":"KONTAKT"},"content":{"rendered":"\t\t<div data-elementor-type=\"wp-page\" data-elementor-id=\"10\" class=\"elementor elementor-10\" data-elementor-post-type=\"page\">\n\t\t\t\t\t\t<section class=\"elementor-section elementor-top-section elementor-element elementor-element-d180d1f elementor-section-boxed elementor-section-height-default elementor-section-height-default\" data-id=\"d180d1f\" data-element_type=\"section\" data-e-type=\"section\" data-settings=\"{&quot;background_background&quot;:&quot;classic&quot;}\">\n\t\t\t\t\t\t<div class=\"elementor-container elementor-column-gap-default\">\n\t\t\t\t\t<div class=\"elementor-column elementor-col-100 elementor-top-column elementor-element elementor-element-cc3d6a5\" data-id=\"cc3d6a5\" data-element_type=\"column\" data-e-type=\"column\" data-settings=\"{&quot;background_background&quot;:&quot;classic&quot;}\">\n\t\t\t<div class=\"elementor-widget-wrap elementor-element-populated\">\n\t\t\t\t\t\t<section class=\"elementor-section elementor-inner-section elementor-element elementor-element-6a38b0e animated-fast elementor-section-boxed elementor-section-height-default elementor-section-height-default elementor-invisible\" data-id=\"6a38b0e\" data-element_type=\"section\" data-e-type=\"section\" data-settings=\"{&quot;background_background&quot;:&quot;classic&quot;,&quot;animation&quot;:&quot;fadeInDown&quot;}\">\n\t\t\t\t\t\t<div class=\"elementor-container elementor-column-gap-default\">\n\t\t\t\t\t<div class=\"elementor-column elementor-col-50 elementor-inner-column elementor-element elementor-element-bee9c63\" data-id=\"bee9c63\" data-element_type=\"column\" data-e-type=\"column\" data-settings=\"{&quot;background_background&quot;:&quot;classic&quot;}\">\n\t\t\t<div class=\"elementor-widget-wrap elementor-element-populated\">\n\t\t\t\t\t\t<div class=\"elementor-element elementor-element-beb62bb elementor-widget elementor-widget-text-editor\" data-id=\"beb62bb\" data-element_type=\"widget\" data-e-type=\"widget\" data-settings=\"{&quot;_animation&quot;:&quot;none&quot;}\" data-widget_type=\"text-editor.default\">\n\t\t\t\t<div class=\"elementor-widget-container\">\n\t\t\t\t\t\t\t\t\t<h3 class=\"p1\"><strong><span style=\"color: #ff9900;\">Adresa<\/span><\/strong><\/h3><p class=\"p2\"><strong>Jasle BIBO<\/strong><\/p><p class=\"p2\"><strong>Dlh\u00e1 8\/a, 900 25 Chorv\u00e1tsky Grob<\/strong><\/p><p class=\"p2\"><strong>I\u010cO: 44854820 DI\u010c: 1079129821<\/strong><\/p>\t\t\t\t\t\t\t\t<\/div>\n\t\t\t\t<\/div>\n\t\t\t\t\t<\/div>\n\t\t<\/div>\n\t\t\t\t<div class=\"elementor-column elementor-col-50 elementor-inner-column elementor-element elementor-element-dd71c81\" data-id=\"dd71c81\" data-element_type=\"column\" data-e-type=\"column\" data-settings=\"{&quot;background_background&quot;:&quot;classic&quot;}\">\n\t\t\t<div class=\"elementor-widget-wrap elementor-element-populated\">\n\t\t\t\t\t\t<div class=\"elementor-element elementor-element-35794ea elementor-widget elementor-widget-text-editor\" data-id=\"35794ea\" data-element_type=\"widget\" data-e-type=\"widget\" data-widget_type=\"text-editor.default\">\n\t\t\t\t<div class=\"elementor-widget-container\">\n\t\t\t\t\t\t\t\t\t<h3 class=\"p1\"><span style=\"color: #ff9900;\"><strong>Telef\u00f3n <\/strong><\/span><\/h3><p><span style=\"color: #808080;\"><strong>0903 181 629 \/ 0903 864 391<\/strong><\/span><\/p><h3 class=\"p1\"><span style=\"color: #ff9900;\">E-mail<\/span><\/h3><p class=\"p2\"><span style=\"color: #808080;\"><strong>info@dcbibo.sk<\/strong><\/span><\/p>\t\t\t\t\t\t\t\t<\/div>\n\t\t\t\t<\/div>\n\t\t\t\t\t<\/div>\n\t\t<\/div>\n\t\t\t\t\t<\/div>\n\t\t<\/section>\n\t\t\t\t<div class=\"elementor-element elementor-element-d3c7af9 elementor-invisible elementor-widget elementor-widget-google_maps\" data-id=\"d3c7af9\" data-element_type=\"widget\" data-e-type=\"widget\" data-settings=\"{&quot;_animation&quot;:&quot;fadeInUp&quot;}\" data-widget_type=\"google_maps.default\">\n\t\t\t\t<div class=\"elementor-widget-container\">\n\t\t\t\t\t\t\t<div class=\"elementor-custom-embed\">\n\t\t\t<iframe loading=\"lazy\"\n\t\t\t\t\tsrc=\"https:\/\/maps.google.com\/maps?q=Dlh%C3%A1%208%2Fa%2C%20900%2025%20Chorv%C3%A1tsky%20Grob&#038;t=m&#038;z=12&#038;output=embed&#038;iwloc=near\"\n\t\t\t\t\ttitle=\"Dlh\u00e1 8\/a, 900 25 Chorv\u00e1tsky Grob\"\n\t\t\t\t\taria-label=\"Dlh\u00e1 8\/a, 900 25 Chorv\u00e1tsky Grob\"\n\t\t\t><\/iframe>\n\t\t<\/div>\n\t\t\t\t\t\t<\/div>\n\t\t\t\t<\/div>\n\t\t\t\t<div class=\"elementor-element elementor-element-e5f8b22 elementor-widget elementor-widget-image\" data-id=\"e5f8b22\" data-element_type=\"widget\" data-e-type=\"widget\" data-widget_type=\"image.default\">\n\t\t\t\t<div class=\"elementor-widget-container\">\n\t\t\t\t\t\t\t\t\t\t\t\t\t\t\t<img fetchpriority=\"high\" decoding=\"async\" width=\"6151\" height=\"709\" src=\"https:\/\/www.dcbibo.sk\/wp-content\/uploads\/2020\/08\/slide4.png\" class=\"attachment-full size-full wp-image-48\" alt=\"\" srcset=\"https:\/\/www.dcbibo.sk\/wp-content\/uploads\/2020\/08\/slide4.png 6151w, https:\/\/www.dcbibo.sk\/wp-content\/uploads\/2020\/08\/slide4-300x35.png 300w, https:\/\/www.dcbibo.sk\/wp-content\/uploads\/2020\/08\/slide4-1024x118.png 1024w, https:\/\/www.dcbibo.sk\/wp-content\/uploads\/2020\/08\/slide4-768x89.png 768w, https:\/\/www.dcbibo.sk\/wp-content\/uploads\/2020\/08\/slide4-1536x177.png 1536w, https:\/\/www.dcbibo.sk\/wp-content\/uploads\/2020\/08\/slide4-2048x236.png 2048w\" sizes=\"(max-width: 6151px) 100vw, 6151px\" \/>\t\t\t\t\t\t\t\t\t\t\t\t\t\t\t<\/div>\n\t\t\t\t<\/div>\n\t\t\t\t<div class=\"elementor-element elementor-element-5a13da4 elementor-widget elementor-widget-heading\" data-id=\"5a13da4\" data-element_type=\"widget\" data-e-type=\"widget\" data-widget_type=\"heading.default\">\n\t\t\t\t<div class=\"elementor-widget-container\">\n\t\t\t\t\t<h4 class=\"elementor-heading-title elementor-size-medium\"><a href=\"https:\/\/www.youtube.com\/@BIBO-sy7wz\" target=\"_blank\">Sledujte n\u00e1s na soci\u00e1lnych sie\u0165ach<\/a><\/h4>\t\t\t\t<\/div>\n\t\t\t\t<\/div>\n\t\t\t\t<div class=\"elementor-element elementor-element-abec9b8 elementor-shape-rounded elementor-grid-0 e-grid-align-center elementor-widget elementor-widget-social-icons\" data-id=\"abec9b8\" data-element_type=\"widget\" data-e-type=\"widget\" data-widget_type=\"social-icons.default\">\n\t\t\t\t<div class=\"elementor-widget-container\">\n\t\t\t\t\t\t\t<div class=\"elementor-social-icons-wrapper elementor-grid\" role=\"list\">\n\t\t\t\t\t\t\t<span class=\"elementor-grid-item\" role=\"listitem\">\n\t\t\t\t\t<a class=\"elementor-icon elementor-social-icon elementor-social-icon-facebook elementor-repeater-item-c8cadcf\" href=\"https:\/\/www.facebook.com\/dcbibo\" target=\"_blank\">\n\t\t\t\t\t\t<span class=\"elementor-screen-only\">Facebook<\/span>\n\t\t\t\t\t\t<i aria-hidden=\"true\" class=\"fab fa-facebook\"><\/i>\t\t\t\t\t<\/a>\n\t\t\t\t<\/span>\n\t\t\t\t\t\t\t<span class=\"elementor-grid-item\" role=\"listitem\">\n\t\t\t\t\t<a class=\"elementor-icon elementor-social-icon elementor-social-icon-youtube elementor-repeater-item-a67e86a\" href=\"https:\/\/www.youtube.com\/@BIBO-sy7wz\" target=\"_blank\">\n\t\t\t\t\t\t<span class=\"elementor-screen-only\">Youtube<\/span>\n\t\t\t\t\t\t<i aria-hidden=\"true\" class=\"fab fa-youtube\"><\/i>\t\t\t\t\t<\/a>\n\t\t\t\t<\/span>\n\t\t\t\t\t<\/div>\n\t\t\t\t\t\t<\/div>\n\t\t\t\t<\/div>\n\t\t\t\t\t<\/div>\n\t\t<\/div>\n\t\t\t\t\t<\/div>\n\t\t<\/section>\n\t\t\t\t<\/div>\n\t\t","protected":false},"excerpt":{"rendered":"<p>Adresa Jasle BIBO Dlh\u00e1 8\/a, 900 25 Chorv\u00e1tsky Grob I\u010cO: 44854820 DI\u010c: 1079129821 Telef\u00f3n 0903 181 629 \/ 0903 864 391 E-mail info@dcbibo.sk Sledujte n\u00e1s na soci\u00e1lnych sie\u0165ach Facebook Youtube<\/p>\n","protected":false},"author":1,"featured_media":0,"parent":0,"menu_order":0,"comment_status":"closed","ping_status":"closed","template":"template-parts\/template-homepage.php","meta":{"_monsterinsights_skip_tracking":false,"_monsterinsights_sitenote_active":false,"_monsterinsights_sitenote_note":"","_monsterinsights_sitenote_category":0,"footnotes":""},"class_list":["post-10","page","type-page","status-publish","hentry"],"yoast_head":"<!-- This site is optimized with the Yoast SEO plugin v27.5 - https:\/\/yoast.com\/product\/yoast-seo-wordpress\/ -->\n<title>KONTAKT -<\/title>\n<meta name=\"robots\" content=\"index, follow, max-snippet:-1, max-image-preview:large, max-video-preview:-1\" \/>\n<link rel=\"canonical\" href=\"https:\/\/www.dcbibo.sk\/?page_id=10\" \/>\n<meta property=\"og:locale\" content=\"sk_SK\" \/>\n<meta property=\"og:type\" content=\"article\" \/>\n<meta property=\"og:title\" content=\"KONTAKT -\" \/>\n<meta property=\"og:description\" content=\"Adresa Jasle BIBO Dlh\u00e1 8\/a, 900 25 Chorv\u00e1tsky Grob I\u010cO: 44854820 DI\u010c: 1079129821 Telef\u00f3n 0903 181 629 \/ 0903 864 391 E-mail info@dcbibo.sk Sledujte n\u00e1s na soci\u00e1lnych sie\u0165ach Facebook Youtube\" \/>\n<meta property=\"og:url\" content=\"https:\/\/www.dcbibo.sk\/?page_id=10\" \/>\n<meta property=\"article:modified_time\" content=\"2024-08-06T15:23:58+00:00\" \/>\n<meta property=\"og:image\" content=\"https:\/\/www.dcbibo.sk\/wp-content\/uploads\/2020\/08\/slide4.png\" \/>\n<meta name=\"twitter:card\" content=\"summary_large_image\" \/>\n<meta name=\"twitter:label1\" content=\"Predpokladan\u00fd \u010das \u010d\u00edtania\" \/>\n\t<meta name=\"twitter:data1\" content=\"1 min\u00fata\" \/>\n<script type=\"application\/ld+json\" class=\"yoast-schema-graph\">{\"@context\":\"https:\\\/\\\/schema.org\",\"@graph\":[{\"@type\":\"WebPage\",\"@id\":\"https:\\\/\\\/www.dcbibo.sk\\\/?page_id=10\",\"url\":\"https:\\\/\\\/www.dcbibo.sk\\\/?page_id=10\",\"name\":\"KONTAKT -\",\"isPartOf\":{\"@id\":\"https:\\\/\\\/www.dcbibo.sk\\\/#website\"},\"primaryImageOfPage\":{\"@id\":\"https:\\\/\\\/www.dcbibo.sk\\\/?page_id=10#primaryimage\"},\"image\":{\"@id\":\"https:\\\/\\\/www.dcbibo.sk\\\/?page_id=10#primaryimage\"},\"thumbnailUrl\":\"https:\\\/\\\/www.dcbibo.sk\\\/wp-content\\\/uploads\\\/2020\\\/08\\\/slide4.png\",\"datePublished\":\"2020-08-28T06:28:33+00:00\",\"dateModified\":\"2024-08-06T15:23:58+00:00\",\"breadcrumb\":{\"@id\":\"https:\\\/\\\/www.dcbibo.sk\\\/?page_id=10#breadcrumb\"},\"inLanguage\":\"sk-SK\",\"potentialAction\":[{\"@type\":\"ReadAction\",\"target\":[\"https:\\\/\\\/www.dcbibo.sk\\\/?page_id=10\"]}]},{\"@type\":\"ImageObject\",\"inLanguage\":\"sk-SK\",\"@id\":\"https:\\\/\\\/www.dcbibo.sk\\\/?page_id=10#primaryimage\",\"url\":\"https:\\\/\\\/www.dcbibo.sk\\\/wp-content\\\/uploads\\\/2020\\\/08\\\/slide4.png\",\"contentUrl\":\"https:\\\/\\\/www.dcbibo.sk\\\/wp-content\\\/uploads\\\/2020\\\/08\\\/slide4.png\",\"width\":6151,\"height\":709},{\"@type\":\"BreadcrumbList\",\"@id\":\"https:\\\/\\\/www.dcbibo.sk\\\/?page_id=10#breadcrumb\",\"itemListElement\":[{\"@type\":\"ListItem\",\"position\":1,\"name\":\"Home\",\"item\":\"https:\\\/\\\/www.dcbibo.sk\\\/\"},{\"@type\":\"ListItem\",\"position\":2,\"name\":\"KONTAKT\"}]},{\"@type\":\"WebSite\",\"@id\":\"https:\\\/\\\/www.dcbibo.sk\\\/#website\",\"url\":\"https:\\\/\\\/www.dcbibo.sk\\\/\",\"name\":\"\",\"description\":\"\",\"potentialAction\":[{\"@type\":\"SearchAction\",\"target\":{\"@type\":\"EntryPoint\",\"urlTemplate\":\"https:\\\/\\\/www.dcbibo.sk\\\/?s={search_term_string}\"},\"query-input\":{\"@type\":\"PropertyValueSpecification\",\"valueRequired\":true,\"valueName\":\"search_term_string\"}}],\"inLanguage\":\"sk-SK\"}]}<\/script>\n<!-- \/ Yoast SEO plugin. -->","yoast_head_json":{"title":"KONTAKT -","robots":{"index":"index","follow":"follow","max-snippet":"max-snippet:-1","max-image-preview":"max-image-preview:large","max-video-preview":"max-video-preview:-1"},"canonical":"https:\/\/www.dcbibo.sk\/?page_id=10","og_locale":"sk_SK","og_type":"article","og_title":"KONTAKT -","og_description":"Adresa Jasle BIBO Dlh\u00e1 8\/a, 900 25 Chorv\u00e1tsky Grob I\u010cO: 44854820 DI\u010c: 1079129821 Telef\u00f3n 0903 181 629 \/ 0903 864 391 E-mail info@dcbibo.sk Sledujte n\u00e1s na soci\u00e1lnych sie\u0165ach Facebook Youtube","og_url":"https:\/\/www.dcbibo.sk\/?page_id=10","article_modified_time":"2024-08-06T15:23:58+00:00","og_image":[{"url":"https:\/\/www.dcbibo.sk\/wp-content\/uploads\/2020\/08\/slide4.png","type":"","width":"","height":""}],"twitter_card":"summary_large_image","twitter_misc":{"Predpokladan\u00fd \u010das \u010d\u00edtania":"1 min\u00fata"},"schema":{"@context":"https:\/\/schema.org","@graph":[{"@type":"WebPage","@id":"https:\/\/www.dcbibo.sk\/?page_id=10","url":"https:\/\/www.dcbibo.sk\/?page_id=10","name":"KONTAKT -","isPartOf":{"@id":"https:\/\/www.dcbibo.sk\/#website"},"primaryImageOfPage":{"@id":"https:\/\/www.dcbibo.sk\/?page_id=10#primaryimage"},"image":{"@id":"https:\/\/www.dcbibo.sk\/?page_id=10#primaryimage"},"thumbnailUrl":"https:\/\/www.dcbibo.sk\/wp-content\/uploads\/2020\/08\/slide4.png","datePublished":"2020-08-28T06:28:33+00:00","dateModified":"2024-08-06T15:23:58+00:00","breadcrumb":{"@id":"https:\/\/www.dcbibo.sk\/?page_id=10#breadcrumb"},"inLanguage":"sk-SK","potentialAction":[{"@type":"ReadAction","target":["https:\/\/www.dcbibo.sk\/?page_id=10"]}]},{"@type":"ImageObject","inLanguage":"sk-SK","@id":"https:\/\/www.dcbibo.sk\/?page_id=10#primaryimage","url":"https:\/\/www.dcbibo.sk\/wp-content\/uploads\/2020\/08\/slide4.png","contentUrl":"https:\/\/www.dcbibo.sk\/wp-content\/uploads\/2020\/08\/slide4.png","width":6151,"height":709},{"@type":"BreadcrumbList","@id":"https:\/\/www.dcbibo.sk\/?page_id=10#breadcrumb","itemListElement":[{"@type":"ListItem","position":1,"name":"Home","item":"https:\/\/www.dcbibo.sk\/"},{"@type":"ListItem","position":2,"name":"KONTAKT"}]},{"@type":"WebSite","@id":"https:\/\/www.dcbibo.sk\/#website","url":"https:\/\/www.dcbibo.sk\/","name":"","description":"","potentialAction":[{"@type":"SearchAction","target":{"@type":"EntryPoint","urlTemplate":"https:\/\/www.dcbibo.sk\/?s={search_term_string}"},"query-input":{"@type":"PropertyValueSpecification","valueRequired":true,"valueName":"search_term_string"}}],"inLanguage":"sk-SK"}]}},"_links":{"self":[{"href":"https:\/\/www.dcbibo.sk\/index.php?rest_route=\/wp\/v2\/pages\/10","targetHints":{"allow":["GET"]}}],"collection":[{"href":"https:\/\/www.dcbibo.sk\/index.php?rest_route=\/wp\/v2\/pages"}],"about":[{"href":"https:\/\/www.dcbibo.sk\/index.php?rest_route=\/wp\/v2\/types\/page"}],"author":[{"embeddable":true,"href":"https:\/\/www.dcbibo.sk\/index.php?rest_route=\/wp\/v2\/users\/1"}],"replies":[{"embeddable":true,"href":"https:\/\/www.dcbibo.sk\/index.php?rest_route=%2Fwp%2Fv2%2Fcomments&post=10"}],"version-history":[{"count":6,"href":"https:\/\/www.dcbibo.sk\/index.php?rest_route=\/wp\/v2\/pages\/10\/revisions"}],"predecessor-version":[{"id":551,"href":"https:\/\/www.dcbibo.sk\/index.php?rest_route=\/wp\/v2\/pages\/10\/revisions\/551"}],"wp:attachment":[{"href":"https:\/\/www.dcbibo.sk\/index.php?rest_route=%2Fwp%2Fv2%2Fmedia&parent=10"}],"curies":[{"name":"wp","href":"https:\/\/api.w.org\/{rel}","templated":true}]}}